{"id":587,"date":"2023-05-16T11:36:23","date_gmt":"2023-05-16T11:36:23","guid":{"rendered":"https:\/\/mdiap.ebian.vistec.net\/sistem-entegrasyonu\/"},"modified":"2026-04-22T11:05:45","modified_gmt":"2026-04-22T11:05:45","slug":"sistem-entegrasyonu","status":"publish","type":"page","link":"https:\/\/www.mdi-ap.com\/tr\/sistem-entegrasyonu\/","title":{"rendered":"Sistem entegrasyonu"},"content":{"rendered":"<h3>Sistem entegrasyonu<\/h3>\n<p>MDI olarak, \u00fcretim s\u00fcre\u00e7lerinde verimlilik ve \u00fcretkenli\u011fin \u00f6nemini anl\u0131yoruz. Bu nedenle mevcut \u00fcretim hatlar\u0131na entegrasyon i\u00e7in lazer \u00e7\u00f6z\u00fcmleri sunuyoruz ve m\u00fc\u015fterilerimize b\u00fcy\u00fck sermaye yat\u0131r\u0131mlar\u0131 yapmak zorunda kalmadan s\u00fcre\u00e7lerini iyile\u015ftirmek i\u00e7in uygun maliyetli bir yol sunuyoruz. Uzman ekibimiz, \u00f6zellikle ar\u0131za s\u00fcresini en aza indirmeye ve \u00fcretkenli\u011fi en \u00fcst d\u00fczeye \u00e7\u0131karmaya odaklanarak lazer sistemlerini mevcut \u00fcretim hatlar\u0131na entegre etme konusunda geni\u015f deneyime sahiptir. \u00d6zel gereksinimlerini anlamak ve bireysel ihtiya\u00e7lar\u0131n\u0131 kar\u015f\u0131layan \u00f6zelle\u015ftirilmi\u015f \u00e7\u00f6z\u00fcmler geli\u015ftirmek i\u00e7in m\u00fc\u015fterilerimizle yak\u0131n i\u015fbirli\u011fi i\u00e7inde \u00e7al\u0131\u015f\u0131yoruz.<\/p>\n<p>M\u00fc\u015fterilerimiz ister lazerle markalama, kesme, ablasyon veya delme i\u015flemlerine ihtiya\u00e7 duysun, uzmanl\u0131\u011f\u0131m\u0131z ve teknolojimiz, piyasada bulunan \u00e7o\u011fu lazer kayna\u011f\u0131yla y\u00fcksek kaliteli sonu\u00e7lar sunmam\u0131z\u0131 sa\u011flar.<\/p>\n","protected":false},"excerpt":{"rendered":"<p>Sistem entegrasyonu MDI olarak, \u00fcretim s\u00fcre\u00e7lerinde verimlilik ve \u00fcretkenli\u011fin \u00f6nemini anl\u0131yoruz. Bu nedenle mevcut \u00fcretim hatlar\u0131na entegrasyon i\u00e7in lazer \u00e7\u00f6z\u00fcmleri sunuyoruz ve m\u00fc\u015fterilerimize b\u00fcy\u00fck sermaye yat\u0131r\u0131mlar\u0131 yapmak zorunda kalmadan s\u00fcre\u00e7lerini iyile\u015ftirmek i\u00e7in uygun maliyetli bir yol sunuyoruz. Uzman ekibimiz, \u00f6zellikle ar\u0131za s\u00fcresini en aza indirmeye ve \u00fcretkenli\u011fi en \u00fcst d\u00fczeye \u00e7\u0131karmaya odaklanarak lazer sistemlerini mevcut [&hellip;]<\/p>\n","protected":false},"author":2,"featured_media":472,"parent":0,"menu_order":0,"comment_status":"closed","ping_status":"closed","template":"templates\/tpl-system-integration.php","meta":{"_acf_changed":false,"inline_featured_image":false,"footnotes":""},"class_list":["post-587","page","type-page","status-publish","has-post-thumbnail","hentry"],"acf":[],"yoast_head":"<!-- This site is optimized with the Yoast SEO plugin v27.5 - https:\/\/yoast.com\/product\/yoast-seo-wordpress\/ -->\n<title>Lazer Cam \u0130\u015fleme Sistem Entegrasyonu | MDI<\/title>\n<meta name=\"description\" content=\"MDI ye\u015fil veya CO2 lazer teknolojisini mevcut \u00fcretim hatlar\u0131n\u0131za entegre edin. Cam delme, kesme &amp; kaplama kald\u0131rma \u2013 \u00fcretimi durdurmadan.\" \/>\n<meta name=\"robots\" content=\"index, follow, max-snippet:-1, max-image-preview:large, max-video-preview:-1\" \/>\n<link rel=\"canonical\" href=\"https:\/\/www.mdi-ap.com\/tr\/sistem-entegrasyonu\/\" \/>\n<meta property=\"og:locale\" content=\"tr_TR\" \/>\n<meta property=\"og:type\" content=\"article\" \/>\n<meta property=\"og:title\" content=\"Lazer Cam \u0130\u015fleme Sistem Entegrasyonu | MDI\" \/>\n<meta property=\"og:description\" content=\"MDI ye\u015fil veya CO2 lazer teknolojisini mevcut \u00fcretim hatlar\u0131n\u0131za entegre edin. Cam delme, kesme &amp; kaplama kald\u0131rma \u2013 \u00fcretimi durdurmadan.\" \/>\n<meta property=\"og:url\" content=\"https:\/\/www.mdi-ap.com\/tr\/sistem-entegrasyonu\/\" \/>\n<meta property=\"og:site_name\" content=\"MDI Advanced Processing GmbH\" \/>\n<meta property=\"article:modified_time\" content=\"2026-04-22T11:05:45+00:00\" \/>\n<meta property=\"og:image\" content=\"https:\/\/www.mdi-ap.com\/wp-content\/uploads\/2023\/05\/System_edit.jpg\" \/>\n\t<meta property=\"og:image:width\" content=\"1920\" \/>\n\t<meta property=\"og:image:height\" content=\"1440\" \/>\n\t<meta property=\"og:image:type\" content=\"image\/jpeg\" \/>\n<meta name=\"twitter:card\" content=\"summary_large_image\" \/>\n<meta name=\"twitter:label1\" content=\"Tahmini okuma s\u00fcresi\" \/>\n\t<meta name=\"twitter:data1\" content=\"1 dakika\" \/>\n<script type=\"application\/ld+json\" class=\"yoast-schema-graph\">{\"@context\":\"https:\\\/\\\/schema.org\",\"@graph\":[{\"@type\":\"WebPage\",\"@id\":\"https:\\\/\\\/www.mdi-ap.com\\\/tr\\\/sistem-entegrasyonu\\\/\",\"url\":\"https:\\\/\\\/www.mdi-ap.com\\\/tr\\\/sistem-entegrasyonu\\\/\",\"name\":\"Lazer Cam \u0130\u015fleme Sistem Entegrasyonu | MDI\",\"isPartOf\":{\"@id\":\"https:\\\/\\\/www.mdi-ap.com\\\/tr\\\/#website\"},\"primaryImageOfPage\":{\"@id\":\"https:\\\/\\\/www.mdi-ap.com\\\/tr\\\/sistem-entegrasyonu\\\/#primaryimage\"},\"image\":{\"@id\":\"https:\\\/\\\/www.mdi-ap.com\\\/tr\\\/sistem-entegrasyonu\\\/#primaryimage\"},\"thumbnailUrl\":\"https:\\\/\\\/www.mdi-ap.com\\\/wp-content\\\/uploads\\\/2023\\\/05\\\/System_edit.jpg\",\"datePublished\":\"2023-05-16T11:36:23+00:00\",\"dateModified\":\"2026-04-22T11:05:45+00:00\",\"description\":\"MDI ye\u015fil veya CO2 lazer teknolojisini mevcut \u00fcretim hatlar\u0131n\u0131za entegre edin. Cam delme, kesme & kaplama kald\u0131rma \u2013 \u00fcretimi durdurmadan.\",\"breadcrumb\":{\"@id\":\"https:\\\/\\\/www.mdi-ap.com\\\/tr\\\/sistem-entegrasyonu\\\/#breadcrumb\"},\"inLanguage\":\"tr\",\"potentialAction\":[{\"@type\":\"ReadAction\",\"target\":[\"https:\\\/\\\/www.mdi-ap.com\\\/tr\\\/sistem-entegrasyonu\\\/\"]}]},{\"@type\":\"ImageObject\",\"inLanguage\":\"tr\",\"@id\":\"https:\\\/\\\/www.mdi-ap.com\\\/tr\\\/sistem-entegrasyonu\\\/#primaryimage\",\"url\":\"https:\\\/\\\/www.mdi-ap.com\\\/wp-content\\\/uploads\\\/2023\\\/05\\\/System_edit.jpg\",\"contentUrl\":\"https:\\\/\\\/www.mdi-ap.com\\\/wp-content\\\/uploads\\\/2023\\\/05\\\/System_edit.jpg\",\"width\":1920,\"height\":1440},{\"@type\":\"BreadcrumbList\",\"@id\":\"https:\\\/\\\/www.mdi-ap.com\\\/tr\\\/sistem-entegrasyonu\\\/#breadcrumb\",\"itemListElement\":[{\"@type\":\"ListItem\",\"position\":1,\"name\":\"Home\",\"item\":\"https:\\\/\\\/www.mdi-ap.com\\\/tr\\\/\"},{\"@type\":\"ListItem\",\"position\":2,\"name\":\"Sistem entegrasyonu\"}]},{\"@type\":\"WebSite\",\"@id\":\"https:\\\/\\\/www.mdi-ap.com\\\/tr\\\/#website\",\"url\":\"https:\\\/\\\/www.mdi-ap.com\\\/tr\\\/\",\"name\":\"MDI Advanced Processing GmbH\",\"description\":\"\",\"potentialAction\":[{\"@type\":\"SearchAction\",\"target\":{\"@type\":\"EntryPoint\",\"urlTemplate\":\"https:\\\/\\\/www.mdi-ap.com\\\/tr\\\/?s={search_term_string}\"},\"query-input\":{\"@type\":\"PropertyValueSpecification\",\"valueRequired\":true,\"valueName\":\"search_term_string\"}}],\"inLanguage\":\"tr\"}]}<\/script>\n<!-- \/ Yoast SEO plugin. -->","yoast_head_json":{"title":"Lazer Cam \u0130\u015fleme Sistem Entegrasyonu | MDI","description":"MDI ye\u015fil veya CO2 lazer teknolojisini mevcut \u00fcretim hatlar\u0131n\u0131za entegre edin. Cam delme, kesme & kaplama kald\u0131rma \u2013 \u00fcretimi durdurmadan.","robots":{"index":"index","follow":"follow","max-snippet":"max-snippet:-1","max-image-preview":"max-image-preview:large","max-video-preview":"max-video-preview:-1"},"canonical":"https:\/\/www.mdi-ap.com\/tr\/sistem-entegrasyonu\/","og_locale":"tr_TR","og_type":"article","og_title":"Lazer Cam \u0130\u015fleme Sistem Entegrasyonu | MDI","og_description":"MDI ye\u015fil veya CO2 lazer teknolojisini mevcut \u00fcretim hatlar\u0131n\u0131za entegre edin. Cam delme, kesme & kaplama kald\u0131rma \u2013 \u00fcretimi durdurmadan.","og_url":"https:\/\/www.mdi-ap.com\/tr\/sistem-entegrasyonu\/","og_site_name":"MDI Advanced Processing GmbH","article_modified_time":"2026-04-22T11:05:45+00:00","og_image":[{"width":1920,"height":1440,"url":"https:\/\/www.mdi-ap.com\/wp-content\/uploads\/2023\/05\/System_edit.jpg","type":"image\/jpeg"}],"twitter_card":"summary_large_image","twitter_misc":{"Tahmini okuma s\u00fcresi":"1 dakika"},"schema":{"@context":"https:\/\/schema.org","@graph":[{"@type":"WebPage","@id":"https:\/\/www.mdi-ap.com\/tr\/sistem-entegrasyonu\/","url":"https:\/\/www.mdi-ap.com\/tr\/sistem-entegrasyonu\/","name":"Lazer Cam \u0130\u015fleme Sistem Entegrasyonu | MDI","isPartOf":{"@id":"https:\/\/www.mdi-ap.com\/tr\/#website"},"primaryImageOfPage":{"@id":"https:\/\/www.mdi-ap.com\/tr\/sistem-entegrasyonu\/#primaryimage"},"image":{"@id":"https:\/\/www.mdi-ap.com\/tr\/sistem-entegrasyonu\/#primaryimage"},"thumbnailUrl":"https:\/\/www.mdi-ap.com\/wp-content\/uploads\/2023\/05\/System_edit.jpg","datePublished":"2023-05-16T11:36:23+00:00","dateModified":"2026-04-22T11:05:45+00:00","description":"MDI ye\u015fil veya CO2 lazer teknolojisini mevcut \u00fcretim hatlar\u0131n\u0131za entegre edin. Cam delme, kesme & kaplama kald\u0131rma \u2013 \u00fcretimi durdurmadan.","breadcrumb":{"@id":"https:\/\/www.mdi-ap.com\/tr\/sistem-entegrasyonu\/#breadcrumb"},"inLanguage":"tr","potentialAction":[{"@type":"ReadAction","target":["https:\/\/www.mdi-ap.com\/tr\/sistem-entegrasyonu\/"]}]},{"@type":"ImageObject","inLanguage":"tr","@id":"https:\/\/www.mdi-ap.com\/tr\/sistem-entegrasyonu\/#primaryimage","url":"https:\/\/www.mdi-ap.com\/wp-content\/uploads\/2023\/05\/System_edit.jpg","contentUrl":"https:\/\/www.mdi-ap.com\/wp-content\/uploads\/2023\/05\/System_edit.jpg","width":1920,"height":1440},{"@type":"BreadcrumbList","@id":"https:\/\/www.mdi-ap.com\/tr\/sistem-entegrasyonu\/#breadcrumb","itemListElement":[{"@type":"ListItem","position":1,"name":"Home","item":"https:\/\/www.mdi-ap.com\/tr\/"},{"@type":"ListItem","position":2,"name":"Sistem entegrasyonu"}]},{"@type":"WebSite","@id":"https:\/\/www.mdi-ap.com\/tr\/#website","url":"https:\/\/www.mdi-ap.com\/tr\/","name":"MDI Advanced Processing GmbH","description":"","potentialAction":[{"@type":"SearchAction","target":{"@type":"EntryPoint","urlTemplate":"https:\/\/www.mdi-ap.com\/tr\/?s={search_term_string}"},"query-input":{"@type":"PropertyValueSpecification","valueRequired":true,"valueName":"search_term_string"}}],"inLanguage":"tr"}]}},"_links":{"self":[{"href":"https:\/\/www.mdi-ap.com\/tr\/wp-json\/wp\/v2\/pages\/587","targetHints":{"allow":["GET"]}}],"collection":[{"href":"https:\/\/www.mdi-ap.com\/tr\/wp-json\/wp\/v2\/pages"}],"about":[{"href":"https:\/\/www.mdi-ap.com\/tr\/wp-json\/wp\/v2\/types\/page"}],"author":[{"embeddable":true,"href":"https:\/\/www.mdi-ap.com\/tr\/wp-json\/wp\/v2\/users\/2"}],"replies":[{"embeddable":true,"href":"https:\/\/www.mdi-ap.com\/tr\/wp-json\/wp\/v2\/comments?post=587"}],"version-history":[{"count":4,"href":"https:\/\/www.mdi-ap.com\/tr\/wp-json\/wp\/v2\/pages\/587\/revisions"}],"predecessor-version":[{"id":783,"href":"https:\/\/www.mdi-ap.com\/tr\/wp-json\/wp\/v2\/pages\/587\/revisions\/783"}],"wp:featuredmedia":[{"embeddable":true,"href":"https:\/\/www.mdi-ap.com\/tr\/wp-json\/wp\/v2\/media\/472"}],"wp:attachment":[{"href":"https:\/\/www.mdi-ap.com\/tr\/wp-json\/wp\/v2\/media?parent=587"}],"curies":[{"name":"wp","href":"https:\/\/api.w.org\/{rel}","templated":true}]}}