{"id":578,"date":"2023-05-16T10:53:14","date_gmt":"2023-05-16T10:53:14","guid":{"rendered":"https:\/\/mdiap.ebian.vistec.net\/kesici-aletler\/"},"modified":"2026-04-22T11:08:44","modified_gmt":"2026-04-22T11:08:44","slug":"kesici-aletler","status":"publish","type":"page","link":"https:\/\/www.mdi-ap.com\/tr\/kesici-aletler\/","title":{"rendered":"Kesici aletler"},"content":{"rendered":"<h3>\u00c7ok y\u00fcksek kenar kalitesi<\/h3>\n<p>MDI&#8217;\u0131n kesme u\u00e7lar\u0131, y\u00fcksek kaliteleri ve uzun hizmet \u00f6m\u00fcrleri ile karakterize edilir. Karb\u00fcr veya elmastan yap\u0131lm\u0131\u015f geleneksel kesme u\u00e7lar\u0131na ek olarak, kendini kan\u0131tlam\u0131\u015f Penett\u00ae ve APIO\u00ae kesme tu\u00e7lar\u0131m\u0131z\u0131 da sunuyoruz.<\/p>\n","protected":false},"excerpt":{"rendered":"<p>\u00c7ok y\u00fcksek kenar kalitesi MDI&#8217;\u0131n kesme u\u00e7lar\u0131, y\u00fcksek kaliteleri ve uzun hizmet \u00f6m\u00fcrleri ile karakterize edilir. Karb\u00fcr veya elmastan yap\u0131lm\u0131\u015f geleneksel kesme u\u00e7lar\u0131na ek olarak, kendini kan\u0131tlam\u0131\u015f Penett\u00ae ve APIO\u00ae kesme tu\u00e7lar\u0131m\u0131z\u0131 da sunuyoruz.<\/p>\n","protected":false},"author":2,"featured_media":0,"parent":0,"menu_order":0,"comment_status":"closed","ping_status":"closed","template":"templates\/tpl-d\u00fcnnglas.php","meta":{"_acf_changed":false,"inline_featured_image":false,"footnotes":""},"class_list":["post-578","page","type-page","status-publish","hentry"],"acf":[],"yoast_head":"<!-- This site is optimized with the Yoast SEO plugin v27.5 - https:\/\/yoast.com\/product\/yoast-seo-wordpress\/ -->\n<title>Penett\u00ae &amp; APIO\u00ae Cam Kesme Tekerlekleri | MDI<\/title>\n<meta name=\"description\" content=\"Penett\u00ae &amp; APIO\u00ae cam kesme tekerlekleri \u2013 patentli \u00e7entik teknolojisi ile derin \u00e7izik, temiz k\u0131r\u0131lma ve kaymaz kesim. 85+ y\u0131ll\u0131k MDI uzmanl\u0131\u011f\u0131.\" \/>\n<meta name=\"robots\" content=\"index, follow, max-snippet:-1, max-image-preview:large, max-video-preview:-1\" \/>\n<link rel=\"canonical\" href=\"https:\/\/www.mdi-ap.com\/tr\/kesici-aletler\/\" \/>\n<meta property=\"og:locale\" content=\"tr_TR\" \/>\n<meta property=\"og:type\" content=\"article\" \/>\n<meta property=\"og:title\" content=\"Penett\u00ae &amp; APIO\u00ae Cam Kesme Tekerlekleri | MDI\" \/>\n<meta property=\"og:description\" content=\"Penett\u00ae &amp; APIO\u00ae cam kesme tekerlekleri \u2013 patentli \u00e7entik teknolojisi ile derin \u00e7izik, temiz k\u0131r\u0131lma ve kaymaz kesim. 85+ y\u0131ll\u0131k MDI uzmanl\u0131\u011f\u0131.\" \/>\n<meta property=\"og:url\" content=\"https:\/\/www.mdi-ap.com\/tr\/kesici-aletler\/\" \/>\n<meta property=\"og:site_name\" content=\"MDI Advanced Processing GmbH\" \/>\n<meta property=\"article:modified_time\" content=\"2026-04-22T11:08:44+00:00\" \/>\n<meta name=\"twitter:card\" content=\"summary_large_image\" \/>\n<meta name=\"twitter:label1\" content=\"Tahmini okuma s\u00fcresi\" \/>\n\t<meta name=\"twitter:data1\" content=\"1 dakika\" \/>\n<script type=\"application\/ld+json\" class=\"yoast-schema-graph\">{\"@context\":\"https:\\\/\\\/schema.org\",\"@graph\":[{\"@type\":\"WebPage\",\"@id\":\"https:\\\/\\\/www.mdi-ap.com\\\/tr\\\/kesici-aletler\\\/\",\"url\":\"https:\\\/\\\/www.mdi-ap.com\\\/tr\\\/kesici-aletler\\\/\",\"name\":\"Penett\u00ae & APIO\u00ae Cam Kesme Tekerlekleri | MDI\",\"isPartOf\":{\"@id\":\"https:\\\/\\\/www.mdi-ap.com\\\/tr\\\/#website\"},\"datePublished\":\"2023-05-16T10:53:14+00:00\",\"dateModified\":\"2026-04-22T11:08:44+00:00\",\"description\":\"Penett\u00ae & APIO\u00ae cam kesme tekerlekleri \u2013 patentli \u00e7entik teknolojisi ile derin \u00e7izik, temiz k\u0131r\u0131lma ve kaymaz kesim. 85+ y\u0131ll\u0131k MDI uzmanl\u0131\u011f\u0131.\",\"breadcrumb\":{\"@id\":\"https:\\\/\\\/www.mdi-ap.com\\\/tr\\\/kesici-aletler\\\/#breadcrumb\"},\"inLanguage\":\"tr\",\"potentialAction\":[{\"@type\":\"ReadAction\",\"target\":[\"https:\\\/\\\/www.mdi-ap.com\\\/tr\\\/kesici-aletler\\\/\"]}]},{\"@type\":\"BreadcrumbList\",\"@id\":\"https:\\\/\\\/www.mdi-ap.com\\\/tr\\\/kesici-aletler\\\/#breadcrumb\",\"itemListElement\":[{\"@type\":\"ListItem\",\"position\":1,\"name\":\"Home\",\"item\":\"https:\\\/\\\/www.mdi-ap.com\\\/tr\\\/\"},{\"@type\":\"ListItem\",\"position\":2,\"name\":\"Kesici aletler\"}]},{\"@type\":\"WebSite\",\"@id\":\"https:\\\/\\\/www.mdi-ap.com\\\/tr\\\/#website\",\"url\":\"https:\\\/\\\/www.mdi-ap.com\\\/tr\\\/\",\"name\":\"MDI Advanced Processing GmbH\",\"description\":\"\",\"potentialAction\":[{\"@type\":\"SearchAction\",\"target\":{\"@type\":\"EntryPoint\",\"urlTemplate\":\"https:\\\/\\\/www.mdi-ap.com\\\/tr\\\/?s={search_term_string}\"},\"query-input\":{\"@type\":\"PropertyValueSpecification\",\"valueRequired\":true,\"valueName\":\"search_term_string\"}}],\"inLanguage\":\"tr\"}]}<\/script>\n<!-- \/ Yoast SEO plugin. -->","yoast_head_json":{"title":"Penett\u00ae & APIO\u00ae Cam Kesme Tekerlekleri | MDI","description":"Penett\u00ae & APIO\u00ae cam kesme tekerlekleri \u2013 patentli \u00e7entik teknolojisi ile derin \u00e7izik, temiz k\u0131r\u0131lma ve kaymaz kesim. 85+ y\u0131ll\u0131k MDI uzmanl\u0131\u011f\u0131.","robots":{"index":"index","follow":"follow","max-snippet":"max-snippet:-1","max-image-preview":"max-image-preview:large","max-video-preview":"max-video-preview:-1"},"canonical":"https:\/\/www.mdi-ap.com\/tr\/kesici-aletler\/","og_locale":"tr_TR","og_type":"article","og_title":"Penett\u00ae & APIO\u00ae Cam Kesme Tekerlekleri | MDI","og_description":"Penett\u00ae & APIO\u00ae cam kesme tekerlekleri \u2013 patentli \u00e7entik teknolojisi ile derin \u00e7izik, temiz k\u0131r\u0131lma ve kaymaz kesim. 85+ y\u0131ll\u0131k MDI uzmanl\u0131\u011f\u0131.","og_url":"https:\/\/www.mdi-ap.com\/tr\/kesici-aletler\/","og_site_name":"MDI Advanced Processing GmbH","article_modified_time":"2026-04-22T11:08:44+00:00","twitter_card":"summary_large_image","twitter_misc":{"Tahmini okuma s\u00fcresi":"1 dakika"},"schema":{"@context":"https:\/\/schema.org","@graph":[{"@type":"WebPage","@id":"https:\/\/www.mdi-ap.com\/tr\/kesici-aletler\/","url":"https:\/\/www.mdi-ap.com\/tr\/kesici-aletler\/","name":"Penett\u00ae & APIO\u00ae Cam Kesme Tekerlekleri | MDI","isPartOf":{"@id":"https:\/\/www.mdi-ap.com\/tr\/#website"},"datePublished":"2023-05-16T10:53:14+00:00","dateModified":"2026-04-22T11:08:44+00:00","description":"Penett\u00ae & APIO\u00ae cam kesme tekerlekleri \u2013 patentli \u00e7entik teknolojisi ile derin \u00e7izik, temiz k\u0131r\u0131lma ve kaymaz kesim. 85+ y\u0131ll\u0131k MDI uzmanl\u0131\u011f\u0131.","breadcrumb":{"@id":"https:\/\/www.mdi-ap.com\/tr\/kesici-aletler\/#breadcrumb"},"inLanguage":"tr","potentialAction":[{"@type":"ReadAction","target":["https:\/\/www.mdi-ap.com\/tr\/kesici-aletler\/"]}]},{"@type":"BreadcrumbList","@id":"https:\/\/www.mdi-ap.com\/tr\/kesici-aletler\/#breadcrumb","itemListElement":[{"@type":"ListItem","position":1,"name":"Home","item":"https:\/\/www.mdi-ap.com\/tr\/"},{"@type":"ListItem","position":2,"name":"Kesici aletler"}]},{"@type":"WebSite","@id":"https:\/\/www.mdi-ap.com\/tr\/#website","url":"https:\/\/www.mdi-ap.com\/tr\/","name":"MDI Advanced Processing GmbH","description":"","potentialAction":[{"@type":"SearchAction","target":{"@type":"EntryPoint","urlTemplate":"https:\/\/www.mdi-ap.com\/tr\/?s={search_term_string}"},"query-input":{"@type":"PropertyValueSpecification","valueRequired":true,"valueName":"search_term_string"}}],"inLanguage":"tr"}]}},"_links":{"self":[{"href":"https:\/\/www.mdi-ap.com\/tr\/wp-json\/wp\/v2\/pages\/578","targetHints":{"allow":["GET"]}}],"collection":[{"href":"https:\/\/www.mdi-ap.com\/tr\/wp-json\/wp\/v2\/pages"}],"about":[{"href":"https:\/\/www.mdi-ap.com\/tr\/wp-json\/wp\/v2\/types\/page"}],"author":[{"embeddable":true,"href":"https:\/\/www.mdi-ap.com\/tr\/wp-json\/wp\/v2\/users\/2"}],"replies":[{"embeddable":true,"href":"https:\/\/www.mdi-ap.com\/tr\/wp-json\/wp\/v2\/comments?post=578"}],"version-history":[{"count":5,"href":"https:\/\/www.mdi-ap.com\/tr\/wp-json\/wp\/v2\/pages\/578\/revisions"}],"predecessor-version":[{"id":782,"href":"https:\/\/www.mdi-ap.com\/tr\/wp-json\/wp\/v2\/pages\/578\/revisions\/782"}],"wp:attachment":[{"href":"https:\/\/www.mdi-ap.com\/tr\/wp-json\/wp\/v2\/media?parent=578"}],"curies":[{"name":"wp","href":"https:\/\/api.w.org\/{rel}","templated":true}]}}