{"id":562,"date":"2023-05-16T09:52:04","date_gmt":"2023-05-16T09:52:04","guid":{"rendered":"https:\/\/mdiap.ebian.vistec.net\/dunnglas\/"},"modified":"2026-04-22T11:04:05","modified_gmt":"2026-04-22T11:04:05","slug":"ince-cam","status":"publish","type":"page","link":"https:\/\/www.mdi-ap.com\/tr\/ince-cam\/","title":{"rendered":"\u0130nce cam"},"content":{"rendered":"<h3>\u0130nce camlar konusunda uzman\u0131z<\/h3>\n<p>Ultra ince cam kesimi, son teknoloji \u00fcr\u00fcn\u00fc makinelerin kullan\u0131lmas\u0131n\u0131 gerektiren son derece uzmanla\u015fm\u0131\u015f ve hassas bir s\u00fcre\u00e7tir. D\u00fcnyada sadece birka\u00e7 \u015firket cam\u0131 ultra ince boyutlarda kesebilecek uzmanl\u0131\u011fa ve ekipmana sahip ve biz de bunlardan biri olmaktan gurur duyuyoruz.<br \/>\nMDI&#8217;da, ultra ince cam \u00fcr\u00fcnlerimizin en y\u00fcksek kalitede olmas\u0131n\u0131 ve en kat\u0131 standartlar\u0131 kar\u015f\u0131lamas\u0131n\u0131 sa\u011flamak i\u00e7in en son teknolojiyi kullan\u0131yoruz. Son teknoloji \u00fcr\u00fcn\u00fc kesme aletlerimiz ve makinelerimiz 0,030 mm veya 30 \u00b5m kadar ince cam \u00fcretebilmektedir.<\/p>\n<p>&nbsp;<\/p>\n<h3>Ultra ince cam i\u00e7in kesici tak\u0131mlar<br \/>\nSOLID-D\u00ae<\/h3>\n<p>Kal\u0131nl\u0131\u011f\u0131 10 &#8211; 100 \u03bcm olan ultra ince camlar\u0131 kesmek i\u00e7in yeni bir \u00e7\u00f6z\u00fcm. SOLID-D\u00ae ve\/veya \u00f6zel olarak geli\u015ftirilmi\u015f kesme ta\u015flar\u0131 y\u00fcksek kaliteli kesim sa\u011flar. Y\u00fcksek kaliteli kesimler, daha iyi b\u00fckme mukavemeti ve daha d\u00fc\u015f\u00fck b\u00fckme yar\u0131\u00e7ap\u0131 sa\u011flar.<\/p>\n<h4>\u00d6zellikler<\/h4>\n<p><strong>Par\u00e7ac\u0131k yok, mikro \u00e7atlak yok <\/strong><br \/>\nKesim sonras\u0131 i\u015fleme ad\u0131mlar\u0131 s\u0131ras\u0131nda veya nakliye s\u0131ras\u0131nda cam hasar\u0131n\u0131n azalt\u0131lmas\u0131.<\/p>\n<p><strong>Kesim sonras\u0131 1GPa e\u011filme dayan\u0131m\u0131<\/strong><br \/>\n&#8220;B\u00fck\u00fclebilir cam&#8221; ger\u00e7e\u011fe d\u00f6n\u00fc\u015f\u00fcyor.<\/p>\n<p><strong> Ultra hassasiyet ve y\u00fcksek dikeylik <\/strong><br \/>\nK\u00fc\u00e7\u00fck boyutlu \u00e7iplere keserken en y\u00fcksek verimlilik.<\/p>\n<p><strong> Ayna inceli\u011finde kesilmi\u015f kenarlar <\/strong><br \/>\nKesim sonras\u0131 i\u015flem gerektirmez.<\/p>\n<p>&nbsp;<\/p>\n<p><img loading=\"lazy\" decoding=\"async\" class=\"alignnone wp-image-342 size-full\" src=\"https:\/\/www.mdi-ap.com\/wp-content\/uploads\/2023\/05\/Solid-D-1.png\" alt=\"\" width=\"275\" height=\"288\" \/><\/p>\n","protected":false},"excerpt":{"rendered":"<p>\u0130nce camlar konusunda uzman\u0131z Ultra ince cam kesimi, son teknoloji \u00fcr\u00fcn\u00fc makinelerin kullan\u0131lmas\u0131n\u0131 gerektiren son derece uzmanla\u015fm\u0131\u015f ve hassas bir s\u00fcre\u00e7tir. D\u00fcnyada sadece birka\u00e7 \u015firket cam\u0131 ultra ince boyutlarda kesebilecek uzmanl\u0131\u011fa ve ekipmana sahip ve biz de bunlardan biri olmaktan gurur duyuyoruz. MDI&#8217;da, ultra ince cam \u00fcr\u00fcnlerimizin en y\u00fcksek kalitede olmas\u0131n\u0131 ve en kat\u0131 standartlar\u0131 [&hellip;]<\/p>\n","protected":false},"author":2,"featured_media":0,"parent":0,"menu_order":0,"comment_status":"closed","ping_status":"closed","template":"templates\/tpl-d\u00fcnnglas.php","meta":{"_acf_changed":false,"inline_featured_image":false,"footnotes":""},"class_list":["post-562","page","type-page","status-publish","hentry"],"acf":[],"yoast_head":"<!-- This site is optimized with the Yoast SEO plugin v27.4 - https:\/\/yoast.com\/product\/yoast-seo-wordpress\/ -->\n<title>0,030 mm \u0130nce Cam Lazer Kesim | MDI<\/title>\n<meta name=\"description\" content=\"0,030 mm (30 \u00b5m) ile 0,2 mm aras\u0131 ultra ince cam i\u00e7in lazer kesim ve \u00e7izme. MDI ince cam \u00e7\u00f6z\u00fcmleri elektronik, ekran ve yar\u0131 iletken sekt\u00f6rlerine hizmet eder.\" \/>\n<meta name=\"robots\" content=\"index, follow, max-snippet:-1, max-image-preview:large, max-video-preview:-1\" \/>\n<link rel=\"canonical\" href=\"https:\/\/www.mdi-ap.com\/tr\/ince-cam\/\" \/>\n<meta property=\"og:locale\" content=\"tr_TR\" \/>\n<meta property=\"og:type\" content=\"article\" \/>\n<meta property=\"og:title\" content=\"0,030 mm \u0130nce Cam Lazer Kesim | MDI\" \/>\n<meta property=\"og:description\" content=\"0,030 mm (30 \u00b5m) ile 0,2 mm aras\u0131 ultra ince cam i\u00e7in lazer kesim ve \u00e7izme. MDI ince cam \u00e7\u00f6z\u00fcmleri elektronik, ekran ve yar\u0131 iletken sekt\u00f6rlerine hizmet eder.\" \/>\n<meta property=\"og:url\" content=\"https:\/\/www.mdi-ap.com\/tr\/ince-cam\/\" \/>\n<meta property=\"og:site_name\" content=\"MDI Advanced Processing GmbH\" \/>\n<meta property=\"article:modified_time\" content=\"2026-04-22T11:04:05+00:00\" \/>\n<meta property=\"og:image\" content=\"https:\/\/www.mdi-ap.com\/wp-content\/uploads\/2023\/05\/Solid-D-1.png\" \/>\n\t<meta property=\"og:image:width\" content=\"275\" \/>\n\t<meta property=\"og:image:height\" content=\"288\" \/>\n\t<meta property=\"og:image:type\" content=\"image\/png\" \/>\n<meta name=\"twitter:card\" content=\"summary_large_image\" \/>\n<meta name=\"twitter:label1\" content=\"Tahmini okuma s\u00fcresi\" \/>\n\t<meta name=\"twitter:data1\" content=\"1 dakika\" \/>\n<script type=\"application\/ld+json\" class=\"yoast-schema-graph\">{\"@context\":\"https:\\\/\\\/schema.org\",\"@graph\":[{\"@type\":\"WebPage\",\"@id\":\"https:\\\/\\\/www.mdi-ap.com\\\/tr\\\/ince-cam\\\/\",\"url\":\"https:\\\/\\\/www.mdi-ap.com\\\/tr\\\/ince-cam\\\/\",\"name\":\"0,030 mm \u0130nce Cam Lazer Kesim | MDI\",\"isPartOf\":{\"@id\":\"https:\\\/\\\/www.mdi-ap.com\\\/tr\\\/#website\"},\"primaryImageOfPage\":{\"@id\":\"https:\\\/\\\/www.mdi-ap.com\\\/tr\\\/ince-cam\\\/#primaryimage\"},\"image\":{\"@id\":\"https:\\\/\\\/www.mdi-ap.com\\\/tr\\\/ince-cam\\\/#primaryimage\"},\"thumbnailUrl\":\"https:\\\/\\\/www.mdi-ap.com\\\/wp-content\\\/uploads\\\/2023\\\/05\\\/Solid-D-1.png\",\"datePublished\":\"2023-05-16T09:52:04+00:00\",\"dateModified\":\"2026-04-22T11:04:05+00:00\",\"description\":\"0,030 mm (30 \u00b5m) ile 0,2 mm aras\u0131 ultra ince cam i\u00e7in lazer kesim ve \u00e7izme. MDI ince cam \u00e7\u00f6z\u00fcmleri elektronik, ekran ve yar\u0131 iletken sekt\u00f6rlerine hizmet eder.\",\"breadcrumb\":{\"@id\":\"https:\\\/\\\/www.mdi-ap.com\\\/tr\\\/ince-cam\\\/#breadcrumb\"},\"inLanguage\":\"tr\",\"potentialAction\":[{\"@type\":\"ReadAction\",\"target\":[\"https:\\\/\\\/www.mdi-ap.com\\\/tr\\\/ince-cam\\\/\"]}]},{\"@type\":\"ImageObject\",\"inLanguage\":\"tr\",\"@id\":\"https:\\\/\\\/www.mdi-ap.com\\\/tr\\\/ince-cam\\\/#primaryimage\",\"url\":\"https:\\\/\\\/www.mdi-ap.com\\\/wp-content\\\/uploads\\\/2023\\\/05\\\/Solid-D-1.png\",\"contentUrl\":\"https:\\\/\\\/www.mdi-ap.com\\\/wp-content\\\/uploads\\\/2023\\\/05\\\/Solid-D-1.png\"},{\"@type\":\"BreadcrumbList\",\"@id\":\"https:\\\/\\\/www.mdi-ap.com\\\/tr\\\/ince-cam\\\/#breadcrumb\",\"itemListElement\":[{\"@type\":\"ListItem\",\"position\":1,\"name\":\"Home\",\"item\":\"https:\\\/\\\/www.mdi-ap.com\\\/tr\\\/\"},{\"@type\":\"ListItem\",\"position\":2,\"name\":\"\u0130nce cam\"}]},{\"@type\":\"WebSite\",\"@id\":\"https:\\\/\\\/www.mdi-ap.com\\\/tr\\\/#website\",\"url\":\"https:\\\/\\\/www.mdi-ap.com\\\/tr\\\/\",\"name\":\"MDI Advanced Processing GmbH\",\"description\":\"\",\"potentialAction\":[{\"@type\":\"SearchAction\",\"target\":{\"@type\":\"EntryPoint\",\"urlTemplate\":\"https:\\\/\\\/www.mdi-ap.com\\\/tr\\\/?s={search_term_string}\"},\"query-input\":{\"@type\":\"PropertyValueSpecification\",\"valueRequired\":true,\"valueName\":\"search_term_string\"}}],\"inLanguage\":\"tr\"}]}<\/script>\n<!-- \/ Yoast SEO plugin. -->","yoast_head_json":{"title":"0,030 mm \u0130nce Cam Lazer Kesim | MDI","description":"0,030 mm (30 \u00b5m) ile 0,2 mm aras\u0131 ultra ince cam i\u00e7in lazer kesim ve \u00e7izme. MDI ince cam \u00e7\u00f6z\u00fcmleri elektronik, ekran ve yar\u0131 iletken sekt\u00f6rlerine hizmet eder.","robots":{"index":"index","follow":"follow","max-snippet":"max-snippet:-1","max-image-preview":"max-image-preview:large","max-video-preview":"max-video-preview:-1"},"canonical":"https:\/\/www.mdi-ap.com\/tr\/ince-cam\/","og_locale":"tr_TR","og_type":"article","og_title":"0,030 mm \u0130nce Cam Lazer Kesim | MDI","og_description":"0,030 mm (30 \u00b5m) ile 0,2 mm aras\u0131 ultra ince cam i\u00e7in lazer kesim ve \u00e7izme. MDI ince cam \u00e7\u00f6z\u00fcmleri elektronik, ekran ve yar\u0131 iletken sekt\u00f6rlerine hizmet eder.","og_url":"https:\/\/www.mdi-ap.com\/tr\/ince-cam\/","og_site_name":"MDI Advanced Processing GmbH","article_modified_time":"2026-04-22T11:04:05+00:00","og_image":[{"width":275,"height":288,"url":"https:\/\/www.mdi-ap.com\/wp-content\/uploads\/2023\/05\/Solid-D-1.png","type":"image\/png"}],"twitter_card":"summary_large_image","twitter_misc":{"Tahmini okuma s\u00fcresi":"1 dakika"},"schema":{"@context":"https:\/\/schema.org","@graph":[{"@type":"WebPage","@id":"https:\/\/www.mdi-ap.com\/tr\/ince-cam\/","url":"https:\/\/www.mdi-ap.com\/tr\/ince-cam\/","name":"0,030 mm \u0130nce Cam Lazer Kesim | MDI","isPartOf":{"@id":"https:\/\/www.mdi-ap.com\/tr\/#website"},"primaryImageOfPage":{"@id":"https:\/\/www.mdi-ap.com\/tr\/ince-cam\/#primaryimage"},"image":{"@id":"https:\/\/www.mdi-ap.com\/tr\/ince-cam\/#primaryimage"},"thumbnailUrl":"https:\/\/www.mdi-ap.com\/wp-content\/uploads\/2023\/05\/Solid-D-1.png","datePublished":"2023-05-16T09:52:04+00:00","dateModified":"2026-04-22T11:04:05+00:00","description":"0,030 mm (30 \u00b5m) ile 0,2 mm aras\u0131 ultra ince cam i\u00e7in lazer kesim ve \u00e7izme. MDI ince cam \u00e7\u00f6z\u00fcmleri elektronik, ekran ve yar\u0131 iletken sekt\u00f6rlerine hizmet eder.","breadcrumb":{"@id":"https:\/\/www.mdi-ap.com\/tr\/ince-cam\/#breadcrumb"},"inLanguage":"tr","potentialAction":[{"@type":"ReadAction","target":["https:\/\/www.mdi-ap.com\/tr\/ince-cam\/"]}]},{"@type":"ImageObject","inLanguage":"tr","@id":"https:\/\/www.mdi-ap.com\/tr\/ince-cam\/#primaryimage","url":"https:\/\/www.mdi-ap.com\/wp-content\/uploads\/2023\/05\/Solid-D-1.png","contentUrl":"https:\/\/www.mdi-ap.com\/wp-content\/uploads\/2023\/05\/Solid-D-1.png"},{"@type":"BreadcrumbList","@id":"https:\/\/www.mdi-ap.com\/tr\/ince-cam\/#breadcrumb","itemListElement":[{"@type":"ListItem","position":1,"name":"Home","item":"https:\/\/www.mdi-ap.com\/tr\/"},{"@type":"ListItem","position":2,"name":"\u0130nce cam"}]},{"@type":"WebSite","@id":"https:\/\/www.mdi-ap.com\/tr\/#website","url":"https:\/\/www.mdi-ap.com\/tr\/","name":"MDI Advanced Processing GmbH","description":"","potentialAction":[{"@type":"SearchAction","target":{"@type":"EntryPoint","urlTemplate":"https:\/\/www.mdi-ap.com\/tr\/?s={search_term_string}"},"query-input":{"@type":"PropertyValueSpecification","valueRequired":true,"valueName":"search_term_string"}}],"inLanguage":"tr"}]}},"_links":{"self":[{"href":"https:\/\/www.mdi-ap.com\/tr\/wp-json\/wp\/v2\/pages\/562","targetHints":{"allow":["GET"]}}],"collection":[{"href":"https:\/\/www.mdi-ap.com\/tr\/wp-json\/wp\/v2\/pages"}],"about":[{"href":"https:\/\/www.mdi-ap.com\/tr\/wp-json\/wp\/v2\/types\/page"}],"author":[{"embeddable":true,"href":"https:\/\/www.mdi-ap.com\/tr\/wp-json\/wp\/v2\/users\/2"}],"replies":[{"embeddable":true,"href":"https:\/\/www.mdi-ap.com\/tr\/wp-json\/wp\/v2\/comments?post=562"}],"version-history":[{"count":7,"href":"https:\/\/www.mdi-ap.com\/tr\/wp-json\/wp\/v2\/pages\/562\/revisions"}],"predecessor-version":[{"id":780,"href":"https:\/\/www.mdi-ap.com\/tr\/wp-json\/wp\/v2\/pages\/562\/revisions\/780"}],"wp:attachment":[{"href":"https:\/\/www.mdi-ap.com\/tr\/wp-json\/wp\/v2\/media?parent=562"}],"curies":[{"name":"wp","href":"https:\/\/api.w.org\/{rel}","templated":true}]}}