{"id":560,"date":"2023-05-16T05:46:37","date_gmt":"2023-05-16T05:46:37","guid":{"rendered":"https:\/\/mdiap.ebian.vistec.net\/co2-laser\/"},"modified":"2023-09-11T11:14:29","modified_gmt":"2023-09-11T11:14:29","slug":"co2-laser","status":"publish","type":"page","link":"https:\/\/www.mdi-ap.com\/tr\/co2-laser\/","title":{"rendered":"CO2 lazer"},"content":{"rendered":"<h3>Son derece y\u00fcksek kenar mukavemeti ile kesim<\/h3>\n<p>Sonu\u00e7, kenar kalitesi ve mukavemet a\u00e7\u0131s\u0131ndan y\u00fcksek kaliteli bir kesimdir. Lazer \u00e7izme y\u00f6ntemi, kesme tekerlekleriyle mekanik \u00e7izmeye g\u00f6re rodajlama veya y\u0131kama gibi ek i\u015flemler gerektirmez.<\/p>\n<p>Avantajlar:<\/p>\n<ul>\n<li>Minimum at\u0131k ile maksimum verim<\/li>\n<li>Y\u00fcksek verimle ultra ince cam (100\u00b5m&#8217;den itibaren)<\/li>\n<li>Y\u00fcksek kenar mukavemeti (k\u0131r\u0131lma direnci) ile hassas ve temiz kesim kenar\u0131<\/li>\n<li>Optik cam kenar kalitesi<\/li>\n<li>Mikro \u00e7atlak veya \u00e7apak yok<\/li>\n<li>Kesme i\u015flemi s\u0131ras\u0131nda veya sonras\u0131nda malzeme kayb\u0131 olmaz<\/li>\n<li>Cam tozu partik\u00fclleri i\u00e7ermez, bu nedenle temiz oda ko\u015fullar\u0131 i\u00e7in uygundur<\/li>\n<\/ul>\n<p><strong>Odaklanm\u0131\u015f bir lazer \u0131\u015f\u0131n\u0131 cam\u0131 b\u00f6lgesel olarak \u0131s\u0131t\u0131r, ard\u0131ndan so\u011fuk hava veya hava-s\u0131v\u0131 kar\u0131\u015f\u0131m\u0131 bir ak\u0131m gelir. Bu termal kaynakl\u0131 gerilim camda hassas \u00e7atlak olu\u015fumuna yol a\u00e7ar. Termal olarak \u00fcretilen bu stres camda hassas \u00e7atlamalara yol a\u00e7ar.<\/strong><\/p>\n","protected":false},"excerpt":{"rendered":"<p>Son derece y\u00fcksek kenar mukavemeti ile kesim Sonu\u00e7, kenar kalitesi ve mukavemet a\u00e7\u0131s\u0131ndan y\u00fcksek kaliteli bir kesimdir. Lazer \u00e7izme y\u00f6ntemi, kesme tekerlekleriyle mekanik \u00e7izmeye g\u00f6re rodajlama veya y\u0131kama gibi ek i\u015flemler gerektirmez. Avantajlar: Minimum at\u0131k ile maksimum verim Y\u00fcksek verimle ultra ince cam (100\u00b5m&#8217;den itibaren) Y\u00fcksek kenar mukavemeti (k\u0131r\u0131lma direnci) ile hassas ve temiz kesim [&hellip;]<\/p>\n","protected":false},"author":2,"featured_media":0,"parent":0,"menu_order":0,"comment_status":"closed","ping_status":"closed","template":"templates\/tpl-co2-laser .php","meta":{"_acf_changed":false,"inline_featured_image":false,"footnotes":""},"class_list":["post-560","page","type-page","status-publish","hentry"],"acf":[],"yoast_head":"<!-- This site is optimized with the Yoast SEO plugin v27.2 - https:\/\/yoast.com\/product\/yoast-seo-wordpress\/ -->\n<title>CO2 lazer - K\u0131ym\u0131ks\u0131z ve en y\u00fcksek kenar kalitesi<\/title>\n<meta name=\"description\" content=\"CO2 lazer teknolojimizin avantajlar\u0131n\u0131 ke\u015ffedin: y\u00fcksek mukavemetli, k\u0131ym\u0131ks\u0131z ve hassas kesme kenarlar\u0131. Maksimum verim, malzeme kayb\u0131 yok ve temiz oda ko\u015fullar\u0131na uygun.\" \/>\n<meta name=\"robots\" content=\"index, follow, max-snippet:-1, max-image-preview:large, max-video-preview:-1\" \/>\n<link rel=\"canonical\" href=\"https:\/\/www.mdi-ap.com\/tr\/co2-laser\/\" \/>\n<meta property=\"og:locale\" content=\"tr_TR\" \/>\n<meta property=\"og:type\" content=\"article\" \/>\n<meta property=\"og:title\" content=\"CO2 lazer - K\u0131ym\u0131ks\u0131z ve en y\u00fcksek kenar kalitesi\" \/>\n<meta property=\"og:description\" content=\"CO2 lazer teknolojimizin avantajlar\u0131n\u0131 ke\u015ffedin: y\u00fcksek mukavemetli, k\u0131ym\u0131ks\u0131z ve hassas kesme kenarlar\u0131. Maksimum verim, malzeme kayb\u0131 yok ve temiz oda ko\u015fullar\u0131na uygun.\" \/>\n<meta property=\"og:url\" content=\"https:\/\/www.mdi-ap.com\/tr\/co2-laser\/\" \/>\n<meta property=\"og:site_name\" content=\"MDI Advanced Processing GmbH\" \/>\n<meta property=\"article:modified_time\" content=\"2023-09-11T11:14:29+00:00\" \/>\n<meta name=\"twitter:card\" content=\"summary_large_image\" \/>\n<meta name=\"twitter:label1\" content=\"Tahmini okuma s\u00fcresi\" \/>\n\t<meta name=\"twitter:data1\" content=\"1 dakika\" \/>\n<script type=\"application\/ld+json\" class=\"yoast-schema-graph\">{\"@context\":\"https:\/\/schema.org\",\"@graph\":[{\"@type\":\"WebPage\",\"@id\":\"https:\/\/www.mdi-ap.com\/tr\/co2-laser\/\",\"url\":\"https:\/\/www.mdi-ap.com\/tr\/co2-laser\/\",\"name\":\"CO2 lazer - K\u0131ym\u0131ks\u0131z ve en y\u00fcksek kenar kalitesi\",\"isPartOf\":{\"@id\":\"https:\/\/www.mdi-ap.com\/tr\/#website\"},\"datePublished\":\"2023-05-16T05:46:37+00:00\",\"dateModified\":\"2023-09-11T11:14:29+00:00\",\"description\":\"CO2 lazer teknolojimizin avantajlar\u0131n\u0131 ke\u015ffedin: y\u00fcksek mukavemetli, k\u0131ym\u0131ks\u0131z ve hassas kesme kenarlar\u0131. Maksimum verim, malzeme kayb\u0131 yok ve temiz oda ko\u015fullar\u0131na uygun.\",\"breadcrumb\":{\"@id\":\"https:\/\/www.mdi-ap.com\/tr\/co2-laser\/#breadcrumb\"},\"inLanguage\":\"tr\",\"potentialAction\":[{\"@type\":\"ReadAction\",\"target\":[\"https:\/\/www.mdi-ap.com\/tr\/co2-laser\/\"]}]},{\"@type\":\"BreadcrumbList\",\"@id\":\"https:\/\/www.mdi-ap.com\/tr\/co2-laser\/#breadcrumb\",\"itemListElement\":[{\"@type\":\"ListItem\",\"position\":1,\"name\":\"Home\",\"item\":\"https:\/\/www.mdi-ap.com\/tr\/\"},{\"@type\":\"ListItem\",\"position\":2,\"name\":\"CO2 lazer\"}]},{\"@type\":\"WebSite\",\"@id\":\"https:\/\/www.mdi-ap.com\/tr\/#website\",\"url\":\"https:\/\/www.mdi-ap.com\/tr\/\",\"name\":\"MDI Advanced Processing GmbH\",\"description\":\"\",\"potentialAction\":[{\"@type\":\"SearchAction\",\"target\":{\"@type\":\"EntryPoint\",\"urlTemplate\":\"https:\/\/www.mdi-ap.com\/tr\/?s={search_term_string}\"},\"query-input\":{\"@type\":\"PropertyValueSpecification\",\"valueRequired\":true,\"valueName\":\"search_term_string\"}}],\"inLanguage\":\"tr\"}]}<\/script>\n<!-- \/ Yoast SEO plugin. -->","yoast_head_json":{"title":"CO2 lazer - K\u0131ym\u0131ks\u0131z ve en y\u00fcksek kenar kalitesi","description":"CO2 lazer teknolojimizin avantajlar\u0131n\u0131 ke\u015ffedin: y\u00fcksek mukavemetli, k\u0131ym\u0131ks\u0131z ve hassas kesme kenarlar\u0131. Maksimum verim, malzeme kayb\u0131 yok ve temiz oda ko\u015fullar\u0131na uygun.","robots":{"index":"index","follow":"follow","max-snippet":"max-snippet:-1","max-image-preview":"max-image-preview:large","max-video-preview":"max-video-preview:-1"},"canonical":"https:\/\/www.mdi-ap.com\/tr\/co2-laser\/","og_locale":"tr_TR","og_type":"article","og_title":"CO2 lazer - K\u0131ym\u0131ks\u0131z ve en y\u00fcksek kenar kalitesi","og_description":"CO2 lazer teknolojimizin avantajlar\u0131n\u0131 ke\u015ffedin: y\u00fcksek mukavemetli, k\u0131ym\u0131ks\u0131z ve hassas kesme kenarlar\u0131. Maksimum verim, malzeme kayb\u0131 yok ve temiz oda ko\u015fullar\u0131na uygun.","og_url":"https:\/\/www.mdi-ap.com\/tr\/co2-laser\/","og_site_name":"MDI Advanced Processing GmbH","article_modified_time":"2023-09-11T11:14:29+00:00","twitter_card":"summary_large_image","twitter_misc":{"Tahmini okuma s\u00fcresi":"1 dakika"},"schema":{"@context":"https:\/\/schema.org","@graph":[{"@type":"WebPage","@id":"https:\/\/www.mdi-ap.com\/tr\/co2-laser\/","url":"https:\/\/www.mdi-ap.com\/tr\/co2-laser\/","name":"CO2 lazer - K\u0131ym\u0131ks\u0131z ve en y\u00fcksek kenar kalitesi","isPartOf":{"@id":"https:\/\/www.mdi-ap.com\/tr\/#website"},"datePublished":"2023-05-16T05:46:37+00:00","dateModified":"2023-09-11T11:14:29+00:00","description":"CO2 lazer teknolojimizin avantajlar\u0131n\u0131 ke\u015ffedin: y\u00fcksek mukavemetli, k\u0131ym\u0131ks\u0131z ve hassas kesme kenarlar\u0131. Maksimum verim, malzeme kayb\u0131 yok ve temiz oda ko\u015fullar\u0131na uygun.","breadcrumb":{"@id":"https:\/\/www.mdi-ap.com\/tr\/co2-laser\/#breadcrumb"},"inLanguage":"tr","potentialAction":[{"@type":"ReadAction","target":["https:\/\/www.mdi-ap.com\/tr\/co2-laser\/"]}]},{"@type":"BreadcrumbList","@id":"https:\/\/www.mdi-ap.com\/tr\/co2-laser\/#breadcrumb","itemListElement":[{"@type":"ListItem","position":1,"name":"Home","item":"https:\/\/www.mdi-ap.com\/tr\/"},{"@type":"ListItem","position":2,"name":"CO2 lazer"}]},{"@type":"WebSite","@id":"https:\/\/www.mdi-ap.com\/tr\/#website","url":"https:\/\/www.mdi-ap.com\/tr\/","name":"MDI Advanced Processing GmbH","description":"","potentialAction":[{"@type":"SearchAction","target":{"@type":"EntryPoint","urlTemplate":"https:\/\/www.mdi-ap.com\/tr\/?s={search_term_string}"},"query-input":{"@type":"PropertyValueSpecification","valueRequired":true,"valueName":"search_term_string"}}],"inLanguage":"tr"}]}},"_links":{"self":[{"href":"https:\/\/www.mdi-ap.com\/tr\/wp-json\/wp\/v2\/pages\/560","targetHints":{"allow":["GET"]}}],"collection":[{"href":"https:\/\/www.mdi-ap.com\/tr\/wp-json\/wp\/v2\/pages"}],"about":[{"href":"https:\/\/www.mdi-ap.com\/tr\/wp-json\/wp\/v2\/types\/page"}],"author":[{"embeddable":true,"href":"https:\/\/www.mdi-ap.com\/tr\/wp-json\/wp\/v2\/users\/2"}],"replies":[{"embeddable":true,"href":"https:\/\/www.mdi-ap.com\/tr\/wp-json\/wp\/v2\/comments?post=560"}],"version-history":[{"count":6,"href":"https:\/\/www.mdi-ap.com\/tr\/wp-json\/wp\/v2\/pages\/560\/revisions"}],"predecessor-version":[{"id":778,"href":"https:\/\/www.mdi-ap.com\/tr\/wp-json\/wp\/v2\/pages\/560\/revisions\/778"}],"wp:attachment":[{"href":"https:\/\/www.mdi-ap.com\/tr\/wp-json\/wp\/v2\/media?parent=560"}],"curies":[{"name":"wp","href":"https:\/\/api.w.org\/{rel}","templated":true}]}}