{"id":557,"date":"2023-05-13T12:18:57","date_gmt":"2023-05-13T12:18:57","guid":{"rendered":"https:\/\/mdiap.ebian.vistec.net\/gruner-laser\/"},"modified":"2026-04-22T11:06:27","modified_gmt":"2026-04-22T11:06:27","slug":"yesil-lazer","status":"publish","type":"page","link":"https:\/\/www.mdi-ap.com\/tr\/yesil-lazer\/","title":{"rendered":"Ye\u015fil lazer"},"content":{"rendered":"<p>Geleneksel delme ve \u015fekil kesme teknolojileri s\u0131n\u0131rlar\u0131na ula\u015fm\u0131\u015ft\u0131r. Ancak giderek daha fazla talep g\u00f6ren m\u00fc\u015fteri gereksinimleri ve \u00fcr\u00fcn tasar\u0131mlar\u0131yla birlikte, yeni cam i\u015fleme teknolojileri bu zorlu\u011fun \u00fcstesinden gelmelidir.<br \/>\nYe\u015fil lazer teknolojimiz, tasar\u0131mc\u0131lara cam \u00f6zelliklerinde daha yarat\u0131c\u0131 olmalar\u0131 i\u00e7in ilham vererek bu modern gereksinimleri kar\u015f\u0131lamakta ve a\u015fmaktad\u0131r.<\/p>\n","protected":false},"excerpt":{"rendered":"<p>Geleneksel delme ve \u015fekil kesme teknolojileri s\u0131n\u0131rlar\u0131na ula\u015fm\u0131\u015ft\u0131r. Ancak giderek daha fazla talep g\u00f6ren m\u00fc\u015fteri gereksinimleri ve \u00fcr\u00fcn tasar\u0131mlar\u0131yla birlikte, yeni cam i\u015fleme teknolojileri bu zorlu\u011fun \u00fcstesinden gelmelidir. Ye\u015fil lazer teknolojimiz, tasar\u0131mc\u0131lara cam \u00f6zelliklerinde daha yarat\u0131c\u0131 olmalar\u0131 i\u00e7in ilham vererek bu modern gereksinimleri kar\u015f\u0131lamakta ve a\u015fmaktad\u0131r.<\/p>\n","protected":false},"author":2,"featured_media":0,"parent":0,"menu_order":0,"comment_status":"closed","ping_status":"closed","template":"templates\/tpl-green-laser.php","meta":{"_acf_changed":false,"inline_featured_image":false,"footnotes":""},"class_list":["post-557","page","type-page","status-publish","hentry"],"acf":[],"yoast_head":"<!-- This site is optimized with the Yoast SEO plugin v27.5 - https:\/\/yoast.com\/product\/yoast-seo-wordpress\/ -->\n<title>Ye\u015fil Lazer Cam Delme \u2014 Delme, Pah &amp; \u0130\u015faretleme | MDI<\/title>\n<meta name=\"description\" content=\"Lazer ile cam delme, pah k\u0131rma, kaplama kald\u0131rma ve i\u015faretleme \u2013 tek makinede. MDI ye\u015fil lazer sistemleri maliyeti su jetine k\u0131yasla azalt\u0131r. Demo talep edin.\" \/>\n<meta name=\"robots\" content=\"index, follow, max-snippet:-1, max-image-preview:large, max-video-preview:-1\" \/>\n<link rel=\"canonical\" href=\"https:\/\/www.mdi-ap.com\/tr\/yesil-lazer\/\" \/>\n<meta property=\"og:locale\" content=\"tr_TR\" \/>\n<meta property=\"og:type\" content=\"article\" \/>\n<meta property=\"og:title\" content=\"Ye\u015fil Lazer Cam Delme \u2014 Delme, Pah &amp; \u0130\u015faretleme | MDI\" \/>\n<meta property=\"og:description\" content=\"Lazer ile cam delme, pah k\u0131rma, kaplama kald\u0131rma ve i\u015faretleme \u2013 tek makinede. MDI ye\u015fil lazer sistemleri maliyeti su jetine k\u0131yasla azalt\u0131r. Demo talep edin.\" \/>\n<meta property=\"og:url\" content=\"https:\/\/www.mdi-ap.com\/tr\/yesil-lazer\/\" \/>\n<meta property=\"og:site_name\" content=\"MDI Advanced Processing GmbH\" \/>\n<meta property=\"article:modified_time\" content=\"2026-04-22T11:06:27+00:00\" \/>\n<meta name=\"twitter:card\" content=\"summary_large_image\" \/>\n<meta name=\"twitter:label1\" content=\"Tahmini okuma s\u00fcresi\" \/>\n\t<meta name=\"twitter:data1\" content=\"1 dakika\" \/>\n<script type=\"application\/ld+json\" class=\"yoast-schema-graph\">{\"@context\":\"https:\\\/\\\/schema.org\",\"@graph\":[{\"@type\":\"WebPage\",\"@id\":\"https:\\\/\\\/www.mdi-ap.com\\\/tr\\\/yesil-lazer\\\/\",\"url\":\"https:\\\/\\\/www.mdi-ap.com\\\/tr\\\/yesil-lazer\\\/\",\"name\":\"Ye\u015fil Lazer Cam Delme \u2014 Delme, Pah & \u0130\u015faretleme | MDI\",\"isPartOf\":{\"@id\":\"https:\\\/\\\/www.mdi-ap.com\\\/tr\\\/#website\"},\"datePublished\":\"2023-05-13T12:18:57+00:00\",\"dateModified\":\"2026-04-22T11:06:27+00:00\",\"description\":\"Lazer ile cam delme, pah k\u0131rma, kaplama kald\u0131rma ve i\u015faretleme \u2013 tek makinede. MDI ye\u015fil lazer sistemleri maliyeti su jetine k\u0131yasla azalt\u0131r. Demo talep edin.\",\"breadcrumb\":{\"@id\":\"https:\\\/\\\/www.mdi-ap.com\\\/tr\\\/yesil-lazer\\\/#breadcrumb\"},\"inLanguage\":\"tr\",\"potentialAction\":[{\"@type\":\"ReadAction\",\"target\":[\"https:\\\/\\\/www.mdi-ap.com\\\/tr\\\/yesil-lazer\\\/\"]}]},{\"@type\":\"BreadcrumbList\",\"@id\":\"https:\\\/\\\/www.mdi-ap.com\\\/tr\\\/yesil-lazer\\\/#breadcrumb\",\"itemListElement\":[{\"@type\":\"ListItem\",\"position\":1,\"name\":\"Home\",\"item\":\"https:\\\/\\\/www.mdi-ap.com\\\/tr\\\/\"},{\"@type\":\"ListItem\",\"position\":2,\"name\":\"Ye\u015fil lazer\"}]},{\"@type\":\"WebSite\",\"@id\":\"https:\\\/\\\/www.mdi-ap.com\\\/tr\\\/#website\",\"url\":\"https:\\\/\\\/www.mdi-ap.com\\\/tr\\\/\",\"name\":\"MDI Advanced Processing GmbH\",\"description\":\"\",\"potentialAction\":[{\"@type\":\"SearchAction\",\"target\":{\"@type\":\"EntryPoint\",\"urlTemplate\":\"https:\\\/\\\/www.mdi-ap.com\\\/tr\\\/?s={search_term_string}\"},\"query-input\":{\"@type\":\"PropertyValueSpecification\",\"valueRequired\":true,\"valueName\":\"search_term_string\"}}],\"inLanguage\":\"tr\"}]}<\/script>\n<!-- \/ Yoast SEO plugin. -->","yoast_head_json":{"title":"Ye\u015fil Lazer Cam Delme \u2014 Delme, Pah & \u0130\u015faretleme | MDI","description":"Lazer ile cam delme, pah k\u0131rma, kaplama kald\u0131rma ve i\u015faretleme \u2013 tek makinede. MDI ye\u015fil lazer sistemleri maliyeti su jetine k\u0131yasla azalt\u0131r. Demo talep edin.","robots":{"index":"index","follow":"follow","max-snippet":"max-snippet:-1","max-image-preview":"max-image-preview:large","max-video-preview":"max-video-preview:-1"},"canonical":"https:\/\/www.mdi-ap.com\/tr\/yesil-lazer\/","og_locale":"tr_TR","og_type":"article","og_title":"Ye\u015fil Lazer Cam Delme \u2014 Delme, Pah & \u0130\u015faretleme | MDI","og_description":"Lazer ile cam delme, pah k\u0131rma, kaplama kald\u0131rma ve i\u015faretleme \u2013 tek makinede. MDI ye\u015fil lazer sistemleri maliyeti su jetine k\u0131yasla azalt\u0131r. Demo talep edin.","og_url":"https:\/\/www.mdi-ap.com\/tr\/yesil-lazer\/","og_site_name":"MDI Advanced Processing GmbH","article_modified_time":"2026-04-22T11:06:27+00:00","twitter_card":"summary_large_image","twitter_misc":{"Tahmini okuma s\u00fcresi":"1 dakika"},"schema":{"@context":"https:\/\/schema.org","@graph":[{"@type":"WebPage","@id":"https:\/\/www.mdi-ap.com\/tr\/yesil-lazer\/","url":"https:\/\/www.mdi-ap.com\/tr\/yesil-lazer\/","name":"Ye\u015fil Lazer Cam Delme \u2014 Delme, Pah & \u0130\u015faretleme | MDI","isPartOf":{"@id":"https:\/\/www.mdi-ap.com\/tr\/#website"},"datePublished":"2023-05-13T12:18:57+00:00","dateModified":"2026-04-22T11:06:27+00:00","description":"Lazer ile cam delme, pah k\u0131rma, kaplama kald\u0131rma ve i\u015faretleme \u2013 tek makinede. MDI ye\u015fil lazer sistemleri maliyeti su jetine k\u0131yasla azalt\u0131r. Demo talep edin.","breadcrumb":{"@id":"https:\/\/www.mdi-ap.com\/tr\/yesil-lazer\/#breadcrumb"},"inLanguage":"tr","potentialAction":[{"@type":"ReadAction","target":["https:\/\/www.mdi-ap.com\/tr\/yesil-lazer\/"]}]},{"@type":"BreadcrumbList","@id":"https:\/\/www.mdi-ap.com\/tr\/yesil-lazer\/#breadcrumb","itemListElement":[{"@type":"ListItem","position":1,"name":"Home","item":"https:\/\/www.mdi-ap.com\/tr\/"},{"@type":"ListItem","position":2,"name":"Ye\u015fil lazer"}]},{"@type":"WebSite","@id":"https:\/\/www.mdi-ap.com\/tr\/#website","url":"https:\/\/www.mdi-ap.com\/tr\/","name":"MDI Advanced Processing GmbH","description":"","potentialAction":[{"@type":"SearchAction","target":{"@type":"EntryPoint","urlTemplate":"https:\/\/www.mdi-ap.com\/tr\/?s={search_term_string}"},"query-input":{"@type":"PropertyValueSpecification","valueRequired":true,"valueName":"search_term_string"}}],"inLanguage":"tr"}]}},"_links":{"self":[{"href":"https:\/\/www.mdi-ap.com\/tr\/wp-json\/wp\/v2\/pages\/557","targetHints":{"allow":["GET"]}}],"collection":[{"href":"https:\/\/www.mdi-ap.com\/tr\/wp-json\/wp\/v2\/pages"}],"about":[{"href":"https:\/\/www.mdi-ap.com\/tr\/wp-json\/wp\/v2\/types\/page"}],"author":[{"embeddable":true,"href":"https:\/\/www.mdi-ap.com\/tr\/wp-json\/wp\/v2\/users\/2"}],"replies":[{"embeddable":true,"href":"https:\/\/www.mdi-ap.com\/tr\/wp-json\/wp\/v2\/comments?post=557"}],"version-history":[{"count":3,"href":"https:\/\/www.mdi-ap.com\/tr\/wp-json\/wp\/v2\/pages\/557\/revisions"}],"predecessor-version":[{"id":673,"href":"https:\/\/www.mdi-ap.com\/tr\/wp-json\/wp\/v2\/pages\/557\/revisions\/673"}],"wp:attachment":[{"href":"https:\/\/www.mdi-ap.com\/tr\/wp-json\/wp\/v2\/media?parent=557"}],"curies":[{"name":"wp","href":"https:\/\/api.w.org\/{rel}","templated":true}]}}