{"id":543,"date":"2023-05-13T12:49:59","date_gmt":"2023-05-13T12:49:59","guid":{"rendered":"https:\/\/mdiap.ebian.vistec.net\/uber-uns\/"},"modified":"2026-04-22T11:03:38","modified_gmt":"2026-04-22T11:03:38","slug":"hakkimizda","status":"publish","type":"page","link":"https:\/\/www.mdi-ap.com\/tr\/hakkimizda\/","title":{"rendered":"Hakk\u0131m\u0131zda"},"content":{"rendered":"<h3>MDI Advanced Processing GmbH<\/h3>\n<p>\u015eirketimiz ilk olarak 2005 y\u0131l\u0131nda Japon makine \u00fcreticisi ve cam i\u015fleme aletleri \u00fcreticisi Mitsuboshi Diamond Industrial Co. Ltd. ile Alman \u00f6zel cam \u00fcreticisi SCHOTT AG aras\u0131nda bir ortak giri\u015fim olarak kurulmu\u015ftur. Mart 2015&#8217;ten bu yana Mitsuboshi&#8217;nin %100 i\u015ftirakiyiz ve MDI Group&#8217;u \u00f6ncelikle Avrupa ve Amerika b\u00f6lgelerinde temsil ediyoruz.<\/p>\n<p>M\u00fc\u015fterilerimiz, geleneksel cam kesiminde 80 y\u0131l\u0131 a\u015fk\u0131n deneyimimizden, lazer kesiminde 20 y\u0131ll\u0131k deneyimimizden ve camla nas\u0131l \u00e7al\u0131\u015f\u0131laca\u011f\u0131na dair derinlemesine bilgimizden yararlanmaktad\u0131r.<\/p>\n","protected":false},"excerpt":{"rendered":"<p>MDI Advanced Processing GmbH \u015eirketimiz ilk olarak 2005 y\u0131l\u0131nda Japon makine \u00fcreticisi ve cam i\u015fleme aletleri \u00fcreticisi Mitsuboshi Diamond Industrial Co. Ltd. ile Alman \u00f6zel cam \u00fcreticisi SCHOTT AG aras\u0131nda bir ortak giri\u015fim olarak kurulmu\u015ftur. Mart 2015&#8217;ten bu yana Mitsuboshi&#8217;nin %100 i\u015ftirakiyiz ve MDI Group&#8217;u \u00f6ncelikle Avrupa ve Amerika b\u00f6lgelerinde temsil ediyoruz. M\u00fc\u015fterilerimiz, geleneksel cam [&hellip;]<\/p>\n","protected":false},"author":2,"featured_media":0,"parent":0,"menu_order":0,"comment_status":"closed","ping_status":"closed","template":"templates\/tpl-about.php","meta":{"_acf_changed":false,"inline_featured_image":false,"footnotes":""},"class_list":["post-543","page","type-page","status-publish","hentry"],"acf":[],"yoast_head":"<!-- This site is optimized with the Yoast SEO plugin v27.5 - https:\/\/yoast.com\/product\/yoast-seo-wordpress\/ -->\n<title>Hakk\u0131m\u0131zda \u2014 85 Y\u0131ll\u0131k Cam \u0130\u015fleme, Mitsuboshi &amp; SCHOTT | MDI<\/title>\n<meta name=\"description\" content=\"1935&#039;ten bu yana cam i\u015fleme uzmanlar\u0131. Mitsuboshi &amp; SCHOTT AG ortakl\u0131\u011f\u0131yla kuruldu. 600+ \u00e7al\u0131\u015fan, patentli lazer &amp; kesim teknolojileri. Avrupa ve Amerika&#039;da hizmet.\" \/>\n<meta name=\"robots\" content=\"index, follow, max-snippet:-1, max-image-preview:large, max-video-preview:-1\" \/>\n<link rel=\"canonical\" href=\"https:\/\/www.mdi-ap.com\/tr\/hakkimizda\/\" \/>\n<meta property=\"og:locale\" content=\"tr_TR\" \/>\n<meta property=\"og:type\" content=\"article\" \/>\n<meta property=\"og:title\" content=\"Hakk\u0131m\u0131zda \u2014 85 Y\u0131ll\u0131k Cam \u0130\u015fleme, Mitsuboshi &amp; SCHOTT | MDI\" \/>\n<meta property=\"og:description\" content=\"1935&#039;ten bu yana cam i\u015fleme uzmanlar\u0131. Mitsuboshi &amp; SCHOTT AG ortakl\u0131\u011f\u0131yla kuruldu. 600+ \u00e7al\u0131\u015fan, patentli lazer &amp; kesim teknolojileri. Avrupa ve Amerika&#039;da hizmet.\" \/>\n<meta property=\"og:url\" content=\"https:\/\/www.mdi-ap.com\/tr\/hakkimizda\/\" \/>\n<meta property=\"og:site_name\" content=\"MDI Advanced Processing GmbH\" \/>\n<meta property=\"article:modified_time\" content=\"2026-04-22T11:03:38+00:00\" \/>\n<meta name=\"twitter:card\" content=\"summary_large_image\" \/>\n<meta name=\"twitter:label1\" content=\"Tahmini okuma s\u00fcresi\" \/>\n\t<meta name=\"twitter:data1\" content=\"1 dakika\" \/>\n<script type=\"application\/ld+json\" class=\"yoast-schema-graph\">{\"@context\":\"https:\\\/\\\/schema.org\",\"@graph\":[{\"@type\":\"WebPage\",\"@id\":\"https:\\\/\\\/www.mdi-ap.com\\\/tr\\\/hakkimizda\\\/\",\"url\":\"https:\\\/\\\/www.mdi-ap.com\\\/tr\\\/hakkimizda\\\/\",\"name\":\"Hakk\u0131m\u0131zda \u2014 85 Y\u0131ll\u0131k Cam \u0130\u015fleme, Mitsuboshi & SCHOTT | MDI\",\"isPartOf\":{\"@id\":\"https:\\\/\\\/www.mdi-ap.com\\\/tr\\\/#website\"},\"datePublished\":\"2023-05-13T12:49:59+00:00\",\"dateModified\":\"2026-04-22T11:03:38+00:00\",\"description\":\"1935'ten bu yana cam i\u015fleme uzmanlar\u0131. Mitsuboshi & SCHOTT AG ortakl\u0131\u011f\u0131yla kuruldu. 600+ \u00e7al\u0131\u015fan, patentli lazer & kesim teknolojileri. Avrupa ve Amerika'da hizmet.\",\"breadcrumb\":{\"@id\":\"https:\\\/\\\/www.mdi-ap.com\\\/tr\\\/hakkimizda\\\/#breadcrumb\"},\"inLanguage\":\"tr\",\"potentialAction\":[{\"@type\":\"ReadAction\",\"target\":[\"https:\\\/\\\/www.mdi-ap.com\\\/tr\\\/hakkimizda\\\/\"]}]},{\"@type\":\"BreadcrumbList\",\"@id\":\"https:\\\/\\\/www.mdi-ap.com\\\/tr\\\/hakkimizda\\\/#breadcrumb\",\"itemListElement\":[{\"@type\":\"ListItem\",\"position\":1,\"name\":\"Home\",\"item\":\"https:\\\/\\\/www.mdi-ap.com\\\/tr\\\/\"},{\"@type\":\"ListItem\",\"position\":2,\"name\":\"Hakk\u0131m\u0131zda\"}]},{\"@type\":\"WebSite\",\"@id\":\"https:\\\/\\\/www.mdi-ap.com\\\/tr\\\/#website\",\"url\":\"https:\\\/\\\/www.mdi-ap.com\\\/tr\\\/\",\"name\":\"MDI Advanced Processing GmbH\",\"description\":\"\",\"potentialAction\":[{\"@type\":\"SearchAction\",\"target\":{\"@type\":\"EntryPoint\",\"urlTemplate\":\"https:\\\/\\\/www.mdi-ap.com\\\/tr\\\/?s={search_term_string}\"},\"query-input\":{\"@type\":\"PropertyValueSpecification\",\"valueRequired\":true,\"valueName\":\"search_term_string\"}}],\"inLanguage\":\"tr\"}]}<\/script>\n<!-- \/ Yoast SEO plugin. -->","yoast_head_json":{"title":"Hakk\u0131m\u0131zda \u2014 85 Y\u0131ll\u0131k Cam \u0130\u015fleme, Mitsuboshi & SCHOTT | MDI","description":"1935'ten bu yana cam i\u015fleme uzmanlar\u0131. Mitsuboshi & SCHOTT AG ortakl\u0131\u011f\u0131yla kuruldu. 600+ \u00e7al\u0131\u015fan, patentli lazer & kesim teknolojileri. Avrupa ve Amerika'da hizmet.","robots":{"index":"index","follow":"follow","max-snippet":"max-snippet:-1","max-image-preview":"max-image-preview:large","max-video-preview":"max-video-preview:-1"},"canonical":"https:\/\/www.mdi-ap.com\/tr\/hakkimizda\/","og_locale":"tr_TR","og_type":"article","og_title":"Hakk\u0131m\u0131zda \u2014 85 Y\u0131ll\u0131k Cam \u0130\u015fleme, Mitsuboshi & SCHOTT | MDI","og_description":"1935'ten bu yana cam i\u015fleme uzmanlar\u0131. Mitsuboshi & SCHOTT AG ortakl\u0131\u011f\u0131yla kuruldu. 600+ \u00e7al\u0131\u015fan, patentli lazer & kesim teknolojileri. Avrupa ve Amerika'da hizmet.","og_url":"https:\/\/www.mdi-ap.com\/tr\/hakkimizda\/","og_site_name":"MDI Advanced Processing GmbH","article_modified_time":"2026-04-22T11:03:38+00:00","twitter_card":"summary_large_image","twitter_misc":{"Tahmini okuma s\u00fcresi":"1 dakika"},"schema":{"@context":"https:\/\/schema.org","@graph":[{"@type":"WebPage","@id":"https:\/\/www.mdi-ap.com\/tr\/hakkimizda\/","url":"https:\/\/www.mdi-ap.com\/tr\/hakkimizda\/","name":"Hakk\u0131m\u0131zda \u2014 85 Y\u0131ll\u0131k Cam \u0130\u015fleme, Mitsuboshi & SCHOTT | MDI","isPartOf":{"@id":"https:\/\/www.mdi-ap.com\/tr\/#website"},"datePublished":"2023-05-13T12:49:59+00:00","dateModified":"2026-04-22T11:03:38+00:00","description":"1935'ten bu yana cam i\u015fleme uzmanlar\u0131. Mitsuboshi & SCHOTT AG ortakl\u0131\u011f\u0131yla kuruldu. 600+ \u00e7al\u0131\u015fan, patentli lazer & kesim teknolojileri. Avrupa ve Amerika'da hizmet.","breadcrumb":{"@id":"https:\/\/www.mdi-ap.com\/tr\/hakkimizda\/#breadcrumb"},"inLanguage":"tr","potentialAction":[{"@type":"ReadAction","target":["https:\/\/www.mdi-ap.com\/tr\/hakkimizda\/"]}]},{"@type":"BreadcrumbList","@id":"https:\/\/www.mdi-ap.com\/tr\/hakkimizda\/#breadcrumb","itemListElement":[{"@type":"ListItem","position":1,"name":"Home","item":"https:\/\/www.mdi-ap.com\/tr\/"},{"@type":"ListItem","position":2,"name":"Hakk\u0131m\u0131zda"}]},{"@type":"WebSite","@id":"https:\/\/www.mdi-ap.com\/tr\/#website","url":"https:\/\/www.mdi-ap.com\/tr\/","name":"MDI Advanced Processing GmbH","description":"","potentialAction":[{"@type":"SearchAction","target":{"@type":"EntryPoint","urlTemplate":"https:\/\/www.mdi-ap.com\/tr\/?s={search_term_string}"},"query-input":{"@type":"PropertyValueSpecification","valueRequired":true,"valueName":"search_term_string"}}],"inLanguage":"tr"}]}},"_links":{"self":[{"href":"https:\/\/www.mdi-ap.com\/tr\/wp-json\/wp\/v2\/pages\/543","targetHints":{"allow":["GET"]}}],"collection":[{"href":"https:\/\/www.mdi-ap.com\/tr\/wp-json\/wp\/v2\/pages"}],"about":[{"href":"https:\/\/www.mdi-ap.com\/tr\/wp-json\/wp\/v2\/types\/page"}],"author":[{"embeddable":true,"href":"https:\/\/www.mdi-ap.com\/tr\/wp-json\/wp\/v2\/users\/2"}],"replies":[{"embeddable":true,"href":"https:\/\/www.mdi-ap.com\/tr\/wp-json\/wp\/v2\/comments?post=543"}],"version-history":[{"count":6,"href":"https:\/\/www.mdi-ap.com\/tr\/wp-json\/wp\/v2\/pages\/543\/revisions"}],"predecessor-version":[{"id":650,"href":"https:\/\/www.mdi-ap.com\/tr\/wp-json\/wp\/v2\/pages\/543\/revisions\/650"}],"wp:attachment":[{"href":"https:\/\/www.mdi-ap.com\/tr\/wp-json\/wp\/v2\/media?parent=543"}],"curies":[{"name":"wp","href":"https:\/\/api.w.org\/{rel}","templated":true}]}}