{"id":539,"date":"2023-05-13T06:08:51","date_gmt":"2023-05-13T06:08:51","guid":{"rendered":"https:\/\/mdiap.ebian.vistec.net\/home\/"},"modified":"2023-09-11T10:34:17","modified_gmt":"2023-09-11T10:34:17","slug":"home","status":"publish","type":"page","link":"https:\/\/www.mdi-ap.com\/tr\/","title":{"rendered":"Ev"},"content":{"rendered":"","protected":false},"excerpt":{"rendered":"","protected":false},"author":2,"featured_media":0,"parent":0,"menu_order":0,"comment_status":"closed","ping_status":"closed","template":"","meta":{"_acf_changed":false,"inline_featured_image":false,"footnotes":""},"class_list":["post-539","page","type-page","status-publish","hentry"],"acf":[],"yoast_head":"<!-- This site is optimized with the Yoast SEO plugin v27.2 - https:\/\/yoast.com\/product\/yoast-seo-wordpress\/ -->\n<title>Cam i\u015fleme - lazer teknolojisi ile devrim<\/title>\n<meta name=\"description\" content=\"Ev aletleri, otomotiv, elektronik, mimari cam, dokunmatik paneller ve daha bir\u00e7ok alanda cam i\u015flemeye y\u00f6nelik patentli teknolojilerimizi ke\u015ffedin. Lazer cam delme ve kesme aletlerimizle son teknoloji s\u00fcre\u00e7ler ve maksimum hassasiyet.\" \/>\n<meta name=\"robots\" content=\"index, follow, max-snippet:-1, max-image-preview:large, max-video-preview:-1\" \/>\n<link rel=\"canonical\" href=\"https:\/\/www.mdi-ap.com\/tr\/\" \/>\n<meta property=\"og:locale\" content=\"tr_TR\" \/>\n<meta property=\"og:type\" content=\"article\" \/>\n<meta property=\"og:title\" content=\"Cam i\u015fleme - lazer teknolojisi ile devrim\" \/>\n<meta property=\"og:description\" content=\"Ev aletleri, otomotiv, elektronik, mimari cam, dokunmatik paneller ve daha bir\u00e7ok alanda cam i\u015flemeye y\u00f6nelik patentli teknolojilerimizi ke\u015ffedin. Lazer cam delme ve kesme aletlerimizle son teknoloji s\u00fcre\u00e7ler ve maksimum hassasiyet.\" \/>\n<meta property=\"og:url\" content=\"https:\/\/www.mdi-ap.com\/tr\/\" \/>\n<meta property=\"og:site_name\" content=\"MDI Advanced Processing GmbH\" \/>\n<meta property=\"article:modified_time\" content=\"2023-09-11T10:34:17+00:00\" \/>\n<meta name=\"twitter:card\" content=\"summary_large_image\" \/>\n<script type=\"application\/ld+json\" class=\"yoast-schema-graph\">{\"@context\":\"https:\/\/schema.org\",\"@graph\":[{\"@type\":\"WebPage\",\"@id\":\"https:\/\/www.mdi-ap.com\/tr\/\",\"url\":\"https:\/\/www.mdi-ap.com\/tr\/\",\"name\":\"Cam i\u015fleme - lazer teknolojisi ile devrim\",\"isPartOf\":{\"@id\":\"https:\/\/www.mdi-ap.com\/tr\/#website\"},\"datePublished\":\"2023-05-13T06:08:51+00:00\",\"dateModified\":\"2023-09-11T10:34:17+00:00\",\"description\":\"Ev aletleri, otomotiv, elektronik, mimari cam, dokunmatik paneller ve daha bir\u00e7ok alanda cam i\u015flemeye y\u00f6nelik patentli teknolojilerimizi ke\u015ffedin. Lazer cam delme ve kesme aletlerimizle son teknoloji s\u00fcre\u00e7ler ve maksimum hassasiyet.\",\"breadcrumb\":{\"@id\":\"https:\/\/www.mdi-ap.com\/tr\/#breadcrumb\"},\"inLanguage\":\"tr\",\"potentialAction\":[{\"@type\":\"ReadAction\",\"target\":[\"https:\/\/www.mdi-ap.com\/tr\/\"]}]},{\"@type\":\"BreadcrumbList\",\"@id\":\"https:\/\/www.mdi-ap.com\/tr\/#breadcrumb\",\"itemListElement\":[{\"@type\":\"ListItem\",\"position\":1,\"name\":\"Home\",\"item\":\"https:\/\/www.mdi-ap.com\/tr\/\"},{\"@type\":\"ListItem\",\"position\":2,\"name\":\"Ev\"}]},{\"@type\":\"WebSite\",\"@id\":\"https:\/\/www.mdi-ap.com\/tr\/#website\",\"url\":\"https:\/\/www.mdi-ap.com\/tr\/\",\"name\":\"MDI Advanced Processing GmbH\",\"description\":\"\",\"potentialAction\":[{\"@type\":\"SearchAction\",\"target\":{\"@type\":\"EntryPoint\",\"urlTemplate\":\"https:\/\/www.mdi-ap.com\/tr\/?s={search_term_string}\"},\"query-input\":{\"@type\":\"PropertyValueSpecification\",\"valueRequired\":true,\"valueName\":\"search_term_string\"}}],\"inLanguage\":\"tr\"}]}<\/script>\n<!-- \/ Yoast SEO plugin. -->","yoast_head_json":{"title":"Cam i\u015fleme - lazer teknolojisi ile devrim","description":"Ev aletleri, otomotiv, elektronik, mimari cam, dokunmatik paneller ve daha bir\u00e7ok alanda cam i\u015flemeye y\u00f6nelik patentli teknolojilerimizi ke\u015ffedin. Lazer cam delme ve kesme aletlerimizle son teknoloji s\u00fcre\u00e7ler ve maksimum hassasiyet.","robots":{"index":"index","follow":"follow","max-snippet":"max-snippet:-1","max-image-preview":"max-image-preview:large","max-video-preview":"max-video-preview:-1"},"canonical":"https:\/\/www.mdi-ap.com\/tr\/","og_locale":"tr_TR","og_type":"article","og_title":"Cam i\u015fleme - lazer teknolojisi ile devrim","og_description":"Ev aletleri, otomotiv, elektronik, mimari cam, dokunmatik paneller ve daha bir\u00e7ok alanda cam i\u015flemeye y\u00f6nelik patentli teknolojilerimizi ke\u015ffedin. Lazer cam delme ve kesme aletlerimizle son teknoloji s\u00fcre\u00e7ler ve maksimum hassasiyet.","og_url":"https:\/\/www.mdi-ap.com\/tr\/","og_site_name":"MDI Advanced Processing GmbH","article_modified_time":"2023-09-11T10:34:17+00:00","twitter_card":"summary_large_image","schema":{"@context":"https:\/\/schema.org","@graph":[{"@type":"WebPage","@id":"https:\/\/www.mdi-ap.com\/tr\/","url":"https:\/\/www.mdi-ap.com\/tr\/","name":"Cam i\u015fleme - lazer teknolojisi ile devrim","isPartOf":{"@id":"https:\/\/www.mdi-ap.com\/tr\/#website"},"datePublished":"2023-05-13T06:08:51+00:00","dateModified":"2023-09-11T10:34:17+00:00","description":"Ev aletleri, otomotiv, elektronik, mimari cam, dokunmatik paneller ve daha bir\u00e7ok alanda cam i\u015flemeye y\u00f6nelik patentli teknolojilerimizi ke\u015ffedin. Lazer cam delme ve kesme aletlerimizle son teknoloji s\u00fcre\u00e7ler ve maksimum hassasiyet.","breadcrumb":{"@id":"https:\/\/www.mdi-ap.com\/tr\/#breadcrumb"},"inLanguage":"tr","potentialAction":[{"@type":"ReadAction","target":["https:\/\/www.mdi-ap.com\/tr\/"]}]},{"@type":"BreadcrumbList","@id":"https:\/\/www.mdi-ap.com\/tr\/#breadcrumb","itemListElement":[{"@type":"ListItem","position":1,"name":"Home","item":"https:\/\/www.mdi-ap.com\/tr\/"},{"@type":"ListItem","position":2,"name":"Ev"}]},{"@type":"WebSite","@id":"https:\/\/www.mdi-ap.com\/tr\/#website","url":"https:\/\/www.mdi-ap.com\/tr\/","name":"MDI Advanced Processing GmbH","description":"","potentialAction":[{"@type":"SearchAction","target":{"@type":"EntryPoint","urlTemplate":"https:\/\/www.mdi-ap.com\/tr\/?s={search_term_string}"},"query-input":{"@type":"PropertyValueSpecification","valueRequired":true,"valueName":"search_term_string"}}],"inLanguage":"tr"}]}},"_links":{"self":[{"href":"https:\/\/www.mdi-ap.com\/tr\/wp-json\/wp\/v2\/pages\/539","targetHints":{"allow":["GET"]}}],"collection":[{"href":"https:\/\/www.mdi-ap.com\/tr\/wp-json\/wp\/v2\/pages"}],"about":[{"href":"https:\/\/www.mdi-ap.com\/tr\/wp-json\/wp\/v2\/types\/page"}],"author":[{"embeddable":true,"href":"https:\/\/www.mdi-ap.com\/tr\/wp-json\/wp\/v2\/users\/2"}],"replies":[{"embeddable":true,"href":"https:\/\/www.mdi-ap.com\/tr\/wp-json\/wp\/v2\/comments?post=539"}],"version-history":[{"count":14,"href":"https:\/\/www.mdi-ap.com\/tr\/wp-json\/wp\/v2\/pages\/539\/revisions"}],"predecessor-version":[{"id":776,"href":"https:\/\/www.mdi-ap.com\/tr\/wp-json\/wp\/v2\/pages\/539\/revisions\/776"}],"wp:attachment":[{"href":"https:\/\/www.mdi-ap.com\/tr\/wp-json\/wp\/v2\/media?parent=539"}],"curies":[{"name":"wp","href":"https:\/\/api.w.org\/{rel}","templated":true}]}}